{"id":689,"date":"2024-03-26T21:48:10","date_gmt":"2024-03-26T20:48:10","guid":{"rendered":"https:\/\/carlosgomezofficial.com\/?page_id=689"},"modified":"2024-03-26T21:48:19","modified_gmt":"2024-03-26T20:48:19","slug":"politica-de-cookies","status":"publish","type":"page","link":"https:\/\/carlosgomezofficial.com\/en\/politica-de-cookies\/","title":{"rendered":"Cookie Policy"},"content":{"rendered":"<p><strong>Cookie Policy \u2013 Carlosgomezofficial.com<\/strong><\/p>\n\n\n\n<ol>\n<li><strong>Use of Cookies<\/strong><\/li>\n<\/ol>\n\n\n\n<p>Carlosgomezofficial.com, operated by Boom Nation, uses cookies and similar technologies to provide an optimized experience for our users. By browsing our site, you accept the installation and use of cookies in accordance with this policy.<\/p>\n\n\n\n<ol start=\"2\">\n<li><strong>What are Cookies?<\/strong><\/li>\n<\/ol>\n\n\n\n<p>Cookies are small data files that are saved on your device when you visit certain websites. They allow the site to remember your preferences and past actions, facilitating a personalized and efficient experience.<\/p>\n\n\n\n<ol start=\"3\">\n<li><strong>Types of Cookies We Use<\/strong><\/li>\n<\/ol>\n\n\n\n<ul>\n<li>Essential Cookies: These are crucial for the proper functioning of the page.<\/li>\n\n\n\n<li>Performance Cookies: Help understand how visitors interact with the website, providing information on areas for improvement.<\/li>\n\n\n\n<li>Functionality Cookies: Remember your preferences and personalized settings, improving your user experience.<\/li>\n\n\n\n<li>Advertising Cookies: Used to offer you more relevant advertising according to your interests.<\/li>\n<\/ul>\n\n\n\n<ol start=\"3\">\n<li><strong>Cookie Control<\/strong><\/li>\n<\/ol>\n\n\n\n<p>You have the option to adjust your cookie preferences through your browser settings. Keep in mind that restricting certain cookies can affect the full functionality of carlosgomezofficial.com.<\/p>\n\n\n\n<ol start=\"5\">\n<li><strong>Third-Party Cookies<\/strong><\/li>\n<\/ol>\n\n\n\n<p>Occasionally, we employ third-party services that may also implement cookies on your device to offer certain functionalities or analytics. We recommend reviewing the privacy policies of such services for more information.<\/p>\n\n\n\n<ol start=\"6\">\n<li><strong>Google Analytics<\/strong><\/li>\n<\/ol>\n\n\n\n<p>To analyze the use of our site, we use Google Analytics, which installs cookies to collect statistical navigation data. You can see how Google manages this data in its Privacy Policy.<\/p>\n\n\n\n<ol start=\"7\">\n<li><strong>Facebook Pixel<\/strong><\/li>\n<\/ol>\n\n\n\n<p>We use the Facebook Pixel to better understand user interactions on our site. This tool helps us evaluate the effectiveness of our advertising campaigns on Facebook. For more details on how Facebook uses this data, visit their Data Policy.<\/p>\n\n\n\n<ol start=\"8\">\n<li><strong>Changes to the Cookie Policy<\/strong><\/li>\n<\/ol>\n\n\n\n<p>Boom Nation reserves the right to modify this cookie policy at any time. Changes will take effect from their publication on the website.<\/p>\n\n\n\n<ol start=\"9\">\n<li><strong>Consent<\/strong><\/li>\n<\/ol>\n\n\n\n<p>Your continued use of carlosgomezofficial.com following the posting of changes to this policy will be considered as acceptance of such modifications.<\/p>\n\n\n\n<ol start=\"10\">\n<li><strong>Contact<\/strong><\/li>\n<\/ol>\n\n\n\n<p>For any inquiries about our cookie policy, you can contact us at Carlos@boomnation.us<\/p>","protected":false},"excerpt":{"rendered":"<p>Pol\u00edtica de Cookies &#8211; Carlosgomezofficial.com Carlosgomezofficial.com, operado por Boom Nation, utiliza cookies y tecnolog\u00edas similares para brindar una experiencia optimizada a nuestros usuarios. Al navegar por nuestro sitio, aceptas la instalaci\u00f3n y uso de cookies conforme a lo establecido en esta pol\u00edtica. Las cookies son peque\u00f1os archivos de datos que se guardan en tu dispositivo [&hellip;]<\/p>","protected":false},"author":1,"featured_media":0,"parent":0,"menu_order":0,"comment_status":"closed","ping_status":"closed","template":"","meta":{"footnotes":""},"yoast_head":"<!-- This site is optimized with the Yoast SEO plugin v22.6 - https:\/\/yoast.com\/wordpress\/plugins\/seo\/ -->\n<title>Pol\u00edtica de Cookies: - Boom Nation<\/title>\n<meta name=\"robots\" content=\"noindex, nofollow\" \/>\n<meta property=\"og:locale\" content=\"en_US\" \/>\n<meta property=\"og:type\" content=\"article\" \/>\n<meta property=\"og:title\" content=\"Pol\u00edtica de Cookies: - Boom Nation\" \/>\n<meta property=\"og:description\" content=\"Pol\u00edtica de Cookies &#8211; Carlosgomezofficial.com Carlosgomezofficial.com, operado por Boom Nation, utiliza cookies y tecnolog\u00edas similares para brindar una experiencia optimizada a nuestros usuarios. Al navegar por nuestro sitio, aceptas la instalaci\u00f3n y uso de cookies conforme a lo establecido en esta pol\u00edtica. Las cookies son peque\u00f1os archivos de datos que se guardan en tu dispositivo [&hellip;]\" \/>\n<meta property=\"og:url\" content=\"https:\/\/carlosgomezofficial.com\/en\/politica-de-cookies\/\" \/>\n<meta property=\"og:site_name\" content=\"Boom Nation\" \/>\n<meta property=\"article:modified_time\" content=\"2024-03-26T20:48:19+00:00\" \/>\n<meta name=\"twitter:card\" content=\"summary_large_image\" \/>\n<meta name=\"twitter:label1\" content=\"Est. reading time\" \/>\n\t<meta name=\"twitter:data1\" content=\"2 minutes\" \/>\n<script type=\"application\/ld+json\" class=\"yoast-schema-graph\">{\"@context\":\"https:\/\/schema.org\",\"@graph\":[{\"@type\":\"WebPage\",\"@id\":\"https:\/\/carlosgomezofficial.com\/politica-de-cookies\/\",\"url\":\"https:\/\/carlosgomezofficial.com\/politica-de-cookies\/\",\"name\":\"Pol\u00edtica de Cookies: - Boom Nation\",\"isPartOf\":{\"@id\":\"https:\/\/carlosgomezofficial.com\/#website\"},\"datePublished\":\"2024-03-26T20:48:10+00:00\",\"dateModified\":\"2024-03-26T20:48:19+00:00\",\"breadcrumb\":{\"@id\":\"https:\/\/carlosgomezofficial.com\/politica-de-cookies\/#breadcrumb\"},\"inLanguage\":\"en-US\",\"potentialAction\":[{\"@type\":\"ReadAction\",\"target\":[\"https:\/\/carlosgomezofficial.com\/politica-de-cookies\/\"]}]},{\"@type\":\"BreadcrumbList\",\"@id\":\"https:\/\/carlosgomezofficial.com\/politica-de-cookies\/#breadcrumb\",\"itemListElement\":[{\"@type\":\"ListItem\",\"position\":1,\"name\":\"Portada\",\"item\":\"https:\/\/carlosgomezofficial.com\/\"},{\"@type\":\"ListItem\",\"position\":2,\"name\":\"Pol\u00edtica de Cookies:\"}]},{\"@type\":\"WebSite\",\"@id\":\"https:\/\/carlosgomezofficial.com\/#website\",\"url\":\"https:\/\/carlosgomezofficial.com\/\",\"name\":\"Boom Nation\",\"description\":\"Carlos Gomez\",\"publisher\":{\"@id\":\"https:\/\/carlosgomezofficial.com\/#organization\"},\"potentialAction\":[{\"@type\":\"SearchAction\",\"target\":{\"@type\":\"EntryPoint\",\"urlTemplate\":\"https:\/\/carlosgomezofficial.com\/?s={search_term_string}\"},\"query-input\":\"required name=search_term_string\"}],\"inLanguage\":\"en-US\"},{\"@type\":\"Organization\",\"@id\":\"https:\/\/carlosgomezofficial.com\/#organization\",\"name\":\"Boom Nation\",\"url\":\"https:\/\/carlosgomezofficial.com\/\",\"logo\":{\"@type\":\"ImageObject\",\"inLanguage\":\"en-US\",\"@id\":\"https:\/\/carlosgomezofficial.com\/#\/schema\/logo\/image\/\",\"url\":\"https:\/\/carlosgomezofficial.com\/wp-content\/uploads\/2024\/01\/boom-nation-logo-negro.svg\",\"contentUrl\":\"https:\/\/carlosgomezofficial.com\/wp-content\/uploads\/2024\/01\/boom-nation-logo-negro.svg\",\"width\":271,\"height\":118,\"caption\":\"Boom Nation\"},\"image\":{\"@id\":\"https:\/\/carlosgomezofficial.com\/#\/schema\/logo\/image\/\"}}]}<\/script>\n<!-- \/ Yoast SEO plugin. -->","yoast_head_json":{"title":"Pol\u00edtica de Cookies: - Boom Nation","robots":{"index":"noindex","follow":"nofollow"},"og_locale":"en_US","og_type":"article","og_title":"Pol\u00edtica de Cookies: - Boom Nation","og_description":"Pol\u00edtica de Cookies &#8211; Carlosgomezofficial.com Carlosgomezofficial.com, operado por Boom Nation, utiliza cookies y tecnolog\u00edas similares para brindar una experiencia optimizada a nuestros usuarios. Al navegar por nuestro sitio, aceptas la instalaci\u00f3n y uso de cookies conforme a lo establecido en esta pol\u00edtica. Las cookies son peque\u00f1os archivos de datos que se guardan en tu dispositivo [&hellip;]","og_url":"https:\/\/carlosgomezofficial.com\/en\/politica-de-cookies\/","og_site_name":"Boom Nation","article_modified_time":"2024-03-26T20:48:19+00:00","twitter_card":"summary_large_image","twitter_misc":{"Est. reading time":"2 minutes"},"schema":{"@context":"https:\/\/schema.org","@graph":[{"@type":"WebPage","@id":"https:\/\/carlosgomezofficial.com\/politica-de-cookies\/","url":"https:\/\/carlosgomezofficial.com\/politica-de-cookies\/","name":"Pol\u00edtica de Cookies: - Boom Nation","isPartOf":{"@id":"https:\/\/carlosgomezofficial.com\/#website"},"datePublished":"2024-03-26T20:48:10+00:00","dateModified":"2024-03-26T20:48:19+00:00","breadcrumb":{"@id":"https:\/\/carlosgomezofficial.com\/politica-de-cookies\/#breadcrumb"},"inLanguage":"en-US","potentialAction":[{"@type":"ReadAction","target":["https:\/\/carlosgomezofficial.com\/politica-de-cookies\/"]}]},{"@type":"BreadcrumbList","@id":"https:\/\/carlosgomezofficial.com\/politica-de-cookies\/#breadcrumb","itemListElement":[{"@type":"ListItem","position":1,"name":"Portada","item":"https:\/\/carlosgomezofficial.com\/"},{"@type":"ListItem","position":2,"name":"Pol\u00edtica de Cookies:"}]},{"@type":"WebSite","@id":"https:\/\/carlosgomezofficial.com\/#website","url":"https:\/\/carlosgomezofficial.com\/","name":"Boom Nation","description":"Carlos Gomez","publisher":{"@id":"https:\/\/carlosgomezofficial.com\/#organization"},"potentialAction":[{"@type":"SearchAction","target":{"@type":"EntryPoint","urlTemplate":"https:\/\/carlosgomezofficial.com\/?s={search_term_string}"},"query-input":"required name=search_term_string"}],"inLanguage":"en-US"},{"@type":"Organization","@id":"https:\/\/carlosgomezofficial.com\/#organization","name":"Boom Nation","url":"https:\/\/carlosgomezofficial.com\/","logo":{"@type":"ImageObject","inLanguage":"en-US","@id":"https:\/\/carlosgomezofficial.com\/#\/schema\/logo\/image\/","url":"https:\/\/carlosgomezofficial.com\/wp-content\/uploads\/2024\/01\/boom-nation-logo-negro.svg","contentUrl":"https:\/\/carlosgomezofficial.com\/wp-content\/uploads\/2024\/01\/boom-nation-logo-negro.svg","width":271,"height":118,"caption":"Boom Nation"},"image":{"@id":"https:\/\/carlosgomezofficial.com\/#\/schema\/logo\/image\/"}}]}},"_links":{"self":[{"href":"https:\/\/carlosgomezofficial.com\/en\/wp-json\/wp\/v2\/pages\/689"}],"collection":[{"href":"https:\/\/carlosgomezofficial.com\/en\/wp-json\/wp\/v2\/pages"}],"about":[{"href":"https:\/\/carlosgomezofficial.com\/en\/wp-json\/wp\/v2\/types\/page"}],"author":[{"embeddable":true,"href":"https:\/\/carlosgomezofficial.com\/en\/wp-json\/wp\/v2\/users\/1"}],"replies":[{"embeddable":true,"href":"https:\/\/carlosgomezofficial.com\/en\/wp-json\/wp\/v2\/comments?post=689"}],"version-history":[{"count":1,"href":"https:\/\/carlosgomezofficial.com\/en\/wp-json\/wp\/v2\/pages\/689\/revisions"}],"predecessor-version":[{"id":690,"href":"https:\/\/carlosgomezofficial.com\/en\/wp-json\/wp\/v2\/pages\/689\/revisions\/690"}],"wp:attachment":[{"href":"https:\/\/carlosgomezofficial.com\/en\/wp-json\/wp\/v2\/media?parent=689"}],"curies":[{"name":"wp","href":"https:\/\/api.w.org\/{rel}","templated":true}]}}